{"id":3556,"date":"2021-11-19T17:37:27","date_gmt":"2021-11-19T14:37:27","guid":{"rendered":"https:\/\/www.grupaura.com.tr\/?page_id=3556"},"modified":"2021-11-19T21:28:35","modified_gmt":"2021-11-19T18:28:35","slug":"aura-goelkoey","status":"publish","type":"page","link":"https:\/\/www.grupaura.com.tr\/de\/aura-goelkoey\/","title":{"rendered":"AURA G\u00d6LK\u00d6Y"},"content":{"rendered":"<div id='av-layout-grid-1'  class='av-layout-grid-container av-5ozhjg-efa3aea0b34d918d531f4c82b423ed53 entry-content-wrapper main_color av-flex-cells av-break-at-tablet  avia-builder-el-0  el_before_av_one_fifth  avia-builder-el-first  av-cell-min-height av-cell-min-height-75  container_wrap sidebar_right'   data-av_minimum_height_pc='75'>\n\n<style type=\"text\/css\" data-created_by=\"avia_inline_auto\" id=\"style-css-av-ksqm91uw-342a7c597fb53ae24dfe3390868cc9db\">\n.flex_cell.av-ksqm91uw-342a7c597fb53ae24dfe3390868cc9db{\nvertical-align:top;\nbackground:url(https:\/\/www.grupaura.com.tr\/wp-content\/uploads\/2020\/01\/Aura-Go\u0308lko\u0308y-7.jpg) 50% 50% no-repeat scroll ;\n}\n.responsive #top #wrap_all .flex_cell.av-ksqm91uw-342a7c597fb53ae24dfe3390868cc9db{\npadding:30px 30px 30px 30px !important;\n}\n<\/style>\n<div class='flex_cell av-ksqm91uw-342a7c597fb53ae24dfe3390868cc9db av-gridrow-cell av_two_fifth no_margin  avia-builder-el-1  el_before_av_cell_two_fifth  avia-builder-el-first  content-align-top avia-full-stretch'  ><div class='flex_cell_inner'><\/div><\/div>\n<style type=\"text\/css\" data-created_by=\"avia_inline_auto\" id=\"style-css-av-5icix0-aa34fd34e946a6793defe1d3d813596f\">\n.flex_cell.av-5icix0-aa34fd34e946a6793defe1d3d813596f{\nvertical-align:top;\nbackground-color:#303030;\n}\n.responsive #top #wrap_all .flex_cell.av-5icix0-aa34fd34e946a6793defe1d3d813596f{\npadding:30px 30px 30px 30px !important;\n}\n<\/style>\n<div class='flex_cell av-5icix0-aa34fd34e946a6793defe1d3d813596f av-gridrow-cell av_two_fifth no_margin  avia-builder-el-2  el_after_av_cell_two_fifth  el_before_av_cell_one_fifth  content-align-top'  ><div class='flex_cell_inner'><div  class='flex_column av-jbfro-f0a6c4b6cf626c202bc511cc102411bc av_one_full  avia-builder-el-3  avia-builder-el-no-sibling  first flex_column_div  '     ><p>\n<style type=\"text\/css\" data-created_by=\"avia_inline_auto\" id=\"style-css-av-ksqm6peq-ee57e22982a4cdeae514617cdd475a30\">\n#top .av-special-heading.av-ksqm6peq-ee57e22982a4cdeae514617cdd475a30{\npadding-bottom:10px;\ncolor:#d6d6d6;\n}\nbody .av-special-heading.av-ksqm6peq-ee57e22982a4cdeae514617cdd475a30 .av-special-heading-tag .heading-char{\nfont-size:25px;\n}\n.av-special-heading.av-ksqm6peq-ee57e22982a4cdeae514617cdd475a30 .special-heading-inner-border{\nborder-color:#d6d6d6;\n}\n.av-special-heading.av-ksqm6peq-ee57e22982a4cdeae514617cdd475a30 .av-subheading{\nfont-size:15px;\n}\n<\/style>\n<div  class='av-special-heading av-ksqm6peq-ee57e22982a4cdeae514617cdd475a30 av-special-heading-h3 custom-color-heading  avia-builder-el-4  el_before_av_textblock  avia-builder-el-first  av-linked-heading'><h3 class='av-special-heading-tag '  itemprop=\"headline\"  >AURA G\u00d6LK\u00d6Y <\/h3><div class=\"special-heading-border\"><div class=\"special-heading-inner-border\"><\/div><\/div><\/div><br \/>\n\n<style type=\"text\/css\" data-created_by=\"avia_inline_auto\" id=\"style-css-av-ksqm6voj-746191553b8149554b6d4b36dd50fbcf\">\n#top .av_textblock_section.av-ksqm6voj-746191553b8149554b6d4b36dd50fbcf .avia_textblock{\ncolor:#d6d6d6;\n}\n<\/style>\n<section  class='av_textblock_section av-ksqm6voj-746191553b8149554b6d4b36dd50fbcf '   itemscope=\"itemscope\" itemtype=\"https:\/\/schema.org\/CreativeWork\" ><div class='avia_textblock av_inherit_color'  itemprop=\"text\" ><p style=\"text-align: left;\">Aura G\u00f6lk\u00f6y-Projekt; liegt in T\u00fcrkb\u00fck\u00fc, einem der beliebtesten Urlaubsgebiete von Bodrum, es besteht aus 8 Bl\u00f6cken und 32 Wohnungen, die 2018 auf einer Fl\u00e4che von 9.606 m\u00b2 gebaut wurden. Die herausragenden Merkmale des Projekts ist; dass es durchschnittlich 500 m\u00b2 gro\u00dfer freistehender Garten hat und in der N\u00e4he des Meeres und guter Transport liegt.<\/p>\n<ul>\n<li style=\"text-align: left;\">Gartengeschosse bestehen aus brutto 95m\u00b2, 3+1, 2 B\u00e4dern und 1 WC.<\/li>\n<li style=\"text-align: left;\">Die Obergeschosse sind brutto 75m\u00b2, 2+1 geplant.<\/li>\n<li style=\"text-align: left;\">Es gibt einen Gemeinschaftspool und einen 24-Stunden-Sicherheitsdienst.<\/li>\n<\/ul>\n<\/div><\/section><\/p><\/div>\n<\/div><\/div>\n<style type=\"text\/css\" data-created_by=\"avia_inline_auto\" id=\"style-css-av-58rie4-315e5e2e240f0365e8986f0c7ac02094\">\n.flex_cell.av-58rie4-315e5e2e240f0365e8986f0c7ac02094{\nvertical-align:middle;\nbackground-color:#7a7a7a;\n}\n.responsive #top #wrap_all .flex_cell.av-58rie4-315e5e2e240f0365e8986f0c7ac02094{\npadding:30px 0px 30px 30px !important;\n}\n<\/style>\n<div class='flex_cell av-58rie4-315e5e2e240f0365e8986f0c7ac02094 av-gridrow-cell av_one_fifth no_margin  avia-builder-el-6  el_after_av_cell_two_fifth  avia-builder-el-last  content-align-middle'  ><div class='flex_cell_inner'>\n<style type=\"text\/css\" data-created_by=\"avia_inline_auto\" id=\"style-css-av-51mrc4-11033ee9876859c62fb52864d8cd842c\">\n@keyframes av_boxShadowEffect_av-51mrc4-11033ee9876859c62fb52864d8cd842c-column {\n0%   { box-shadow:  0 0 0 0 #0a0a0a; opacity: 1; }\n100% { box-shadow:  0 0 5px 0 #0a0a0a; opacity: 1; }\n}\n.flex_column.av-51mrc4-11033ee9876859c62fb52864d8cd842c{\nbox-shadow: 0 0 5px 0 #0a0a0a;\npadding:30px 30px 30px 30px;\nbackground-color:#ffffff;\n}\n<\/style>\n<div  class='flex_column av-51mrc4-11033ee9876859c62fb52864d8cd842c av_one_full  avia-builder-el-7  avia-builder-el-no-sibling  first flex_column_div shadow-not-animated  '     ><form action=\"https:\/\/www.grupaura.com.tr\/de\/aura-goelkoey\/\" method=\"post\" data-fields-with-error=\"Fehler wurden in folgenden Feld(ern) gefunden:\" class=\"avia_ajax_form av-form-labels-hidden   avia-builder-el-8  avia-builder-el-no-sibling   \" data-avia-form-id=\"1\" data-avia-redirect='' ><fieldset><p class='  first_form  form_element form_fullwidth' id='element_avia_1_1'><label for=\"avia_1_1\">Name <abbr class=\"required\" title=\"ben\u00f6tigt\">*<\/abbr><\/label> <input name=\"avia_1_1\" class=\"text_input is_empty\" type=\"text\" id=\"avia_1_1\" value=\"\"  placeholder='Name*'\/><\/p><p class='  first_form  form_element form_fullwidth' id='element_avia_2_1'><label for=\"avia_2_1\">Nachname  <abbr class=\"required\" title=\"ben\u00f6tigt\">*<\/abbr><\/label> <input name=\"avia_2_1\" class=\"text_input is_empty\" type=\"text\" id=\"avia_2_1\" value=\"\"  placeholder='Nachname *'\/><\/p><p class='  first_form  form_element form_fullwidth' id='element_avia_3_1'><label for=\"avia_3_1\">E-mail<\/label> <input name=\"avia_3_1\" class=\"text_input \" type=\"text\" id=\"avia_3_1\" value=\"\"  placeholder='E-mail'\/><\/p><p class='  first_form  form_element form_fullwidth av-last-visible-form-element' id='element_avia_4_1'><label for=\"avia_4_1\">Telefon <abbr class=\"required\" title=\"ben\u00f6tigt\">*<\/abbr><\/label> <input name=\"avia_4_1\" class=\"text_input is_empty\" type=\"text\" id=\"avia_4_1\" value=\"\"  placeholder='Telefon*'\/><\/p><p class=\"hidden\"><input type=\"text\" name=\"avia_5_1\" class=\"hidden \" id=\"avia_5_1\" value=\"\" \/><\/p><p class=\"form_element \"><input type=\"hidden\" value=\"1\" name=\"avia_generated_form1\" \/><input type=\"submit\" value=\"Senden\" class=\"button\"  data-sending-label=\"Sende\"\/><\/p><\/fieldset><\/form><div id=\"ajaxresponse_1\" class=\"ajaxresponse ajaxresponse_1 hidden\"><\/div><\/div>\n<\/div><\/div><\/div><div id='after_grid_row_1'  class='main_color av_default_container_wrap container_wrap sidebar_right'  ><div class='container av-section-cont-open' ><div class='template-page content  av-content-small alpha units'><div class='post-entry post-entry-type-page post-entry-3556'><div class='entry-content-wrapper clearfix'><div  class='flex_column av-405gho-601971d8ea5adf6eab4f2ac4c4b090af av_one_fifth  avia-builder-el-9  el_after_av_layout_row  el_before_av_one_fifth  avia-builder-el-first  first flex_column_div  '     ><\/div><\/p>\n<div  class='flex_column av-1eebg-cecff0bb8902f3132baaf67a27e44ae6 av_one_fifth  avia-builder-el-10  el_after_av_one_fifth  el_before_av_one_fifth  flex_column_div  '     ><\/div>\n<div  class='flex_column av-3o0h0c-85d1bc8894e4e42bba1e8330f7d8facb av_one_fifth  avia-builder-el-11  el_after_av_one_fifth  el_before_av_one_fifth  flex_column_div  '     ><style type=\"text\/css\" data-created_by=\"avia_inline_auto\" id=\"style-css-av-k5slx6d4-e4840c312ae09d92c47c9fc18a19ac73\">\n.avia-image-container.av-k5slx6d4-e4840c312ae09d92c47c9fc18a19ac73 img.avia_image{\nbox-shadow:none;\n}\n.avia-image-container.av-k5slx6d4-e4840c312ae09d92c47c9fc18a19ac73 .av-image-caption-overlay-center{\ncolor:#ffffff;\n}\n<\/style>\n<div  class='avia-image-container av-k5slx6d4-e4840c312ae09d92c47c9fc18a19ac73 av-styling- avia-align-center  avia-builder-el-12  avia-builder-el-no-sibling '   itemprop=\"image\" itemscope=\"itemscope\" itemtype=\"https:\/\/schema.org\/ImageObject\" ><div class=\"avia-image-container-inner\"><div class=\"avia-image-overlay-wrap\"><img decoding=\"async\" fetchpriority=\"high\" class='wp-image-2618 avia-img-lazy-loading-not-2618 avia_image ' src=\"https:\/\/www.grupaura.com.tr\/wp-content\/uploads\/2020\/01\/logo-golkoy.png\" alt='' title='logo-golkoy'  height=\"129\" width=\"300\"  itemprop=\"thumbnailUrl\"  \/><\/div><\/div><\/div><\/div>\n<div  class='flex_column av-3jsqtg-3ae87223116304e4b3a049c3d4810c1c av_one_fifth  avia-builder-el-13  el_after_av_one_fifth  el_before_av_one_fifth  flex_column_div  '     ><\/div>\n<div  class='flex_column av-c70ac-a67cbe77e69b35e2508290b76328649e av_one_fifth  avia-builder-el-14  el_after_av_one_fifth  el_before_av_one_full  flex_column_div  '     ><\/div>\n\n<style type=\"text\/css\" data-created_by=\"avia_inline_auto\" id=\"style-css-av-3a4uwc-527819205bf8a2630a153f8efee708c7\">\n.flex_column.av-3a4uwc-527819205bf8a2630a153f8efee708c7{\nborder-radius:0px 0px 0px 0px;\npadding:0px 0px 0px 0px;\n}\n<\/style>\n<div  class='flex_column av-3a4uwc-527819205bf8a2630a153f8efee708c7 av_one_full  avia-builder-el-15  el_after_av_one_fifth  avia-builder-el-last  first flex_column_div av-zero-column-padding  column-top-margin'     ><p><div id='av-masonry-1' class='av-masonry av-k48ytf1j-e8058f56e9257b726dc8eb583b59c2db noHover av-fixed-size av-large-gap av-hover-overlay-bluronhover av-masonry-animation-active av-masonry-col-4 av-caption-always av-caption-style- av-masonry-gallery ' data-post_id=\"3556\"><div class=\"av-masonry-container isotope av-js-disabled\"><div class='av-masonry-entry isotope-item av-masonry-item-no-image '><\/div><a href=\"https:\/\/www.grupaura.com.tr\/wp-content\/uploads\/2020\/01\/Aura-Go\u0308lko\u0308y-7-1030x773.jpg\" data-srcset=\"https:\/\/www.grupaura.com.tr\/wp-content\/uploads\/2020\/01\/Aura-Go\u0308lko\u0308y-7-1030x773.jpg 1030w, https:\/\/www.grupaura.com.tr\/wp-content\/uploads\/2020\/01\/Aura-Go\u0308lko\u0308y-7-300x225.jpg 300w, https:\/\/www.grupaura.com.tr\/wp-content\/uploads\/2020\/01\/Aura-Go\u0308lko\u0308y-7-768x576.jpg 768w, https:\/\/www.grupaura.com.tr\/wp-content\/uploads\/2020\/01\/Aura-Go\u0308lko\u0308y-7-705x529.jpg 705w, https:\/\/www.grupaura.com.tr\/wp-content\/uploads\/2020\/01\/Aura-Go\u0308lko\u0308y-7.jpg 1408w\" data-sizes=\"(max-width: 1030px) 100vw, 1030px\"  aria-label=\"Bild Aura Go\u0308lko\u0308y\"  id='av-masonry-1-item-2610' data-av-masonry-item='2610' class='av-masonry-entry isotope-item post-2610 attachment type-attachment status-inherit hentry  av-masonry-item-with-image' title=\"\" alt=\"\"    itemprop=\"thumbnailUrl\" ><div class='av-inner-masonry-sizer'><\/div><figure class='av-inner-masonry main_color'><div class=\"av-masonry-outerimage-container\"><div class='av-masonry-image-container' style=\"background-image: url(https:\/\/www.grupaura.com.tr\/wp-content\/uploads\/2020\/01\/Aura-Go\u0308lko\u0308y-7-705x529.jpg);\"  title=\"Aura Go\u0308lko\u0308y\" ><\/div><\/div><\/figure><\/a><!--end av-masonry entry--><a href=\"https:\/\/www.grupaura.com.tr\/wp-content\/uploads\/2020\/01\/Aura-Go\u0308lko\u0308y-1-1030x687.jpg\" data-srcset=\"https:\/\/www.grupaura.com.tr\/wp-content\/uploads\/2020\/01\/Aura-Go\u0308lko\u0308y-1-1030x687.jpg 1030w, https:\/\/www.grupaura.com.tr\/wp-content\/uploads\/2020\/01\/Aura-Go\u0308lko\u0308y-1-300x200.jpg 300w, https:\/\/www.grupaura.com.tr\/wp-content\/uploads\/2020\/01\/Aura-Go\u0308lko\u0308y-1-768x512.jpg 768w, https:\/\/www.grupaura.com.tr\/wp-content\/uploads\/2020\/01\/Aura-Go\u0308lko\u0308y-1-705x470.jpg 705w, https:\/\/www.grupaura.com.tr\/wp-content\/uploads\/2020\/01\/Aura-Go\u0308lko\u0308y-1.jpg 1200w\" data-sizes=\"(max-width: 1030px) 100vw, 1030px\"  aria-label=\"Bild Aura Go\u0308lko\u0308y\"  id='av-masonry-1-item-2598' data-av-masonry-item='2598' class='av-masonry-entry isotope-item post-2598 attachment type-attachment status-inherit hentry  av-masonry-item-with-image' title=\"\" alt=\"\"    itemprop=\"thumbnailUrl\" ><div class='av-inner-masonry-sizer'><\/div><figure class='av-inner-masonry main_color'><div class=\"av-masonry-outerimage-container\"><div class='av-masonry-image-container' style=\"background-image: url(https:\/\/www.grupaura.com.tr\/wp-content\/uploads\/2020\/01\/Aura-Go\u0308lko\u0308y-1-705x470.jpg);\"  title=\"Aura Go\u0308lko\u0308y\" ><\/div><\/div><\/figure><\/a><!--end av-masonry entry--><a href=\"https:\/\/www.grupaura.com.tr\/wp-content\/uploads\/2020\/01\/Aura-Go\u0308lko\u0308y-2-1030x687.jpg\" data-srcset=\"https:\/\/www.grupaura.com.tr\/wp-content\/uploads\/2020\/01\/Aura-Go\u0308lko\u0308y-2-1030x687.jpg 1030w, https:\/\/www.grupaura.com.tr\/wp-content\/uploads\/2020\/01\/Aura-Go\u0308lko\u0308y-2-300x200.jpg 300w, https:\/\/www.grupaura.com.tr\/wp-content\/uploads\/2020\/01\/Aura-Go\u0308lko\u0308y-2-768x512.jpg 768w, https:\/\/www.grupaura.com.tr\/wp-content\/uploads\/2020\/01\/Aura-Go\u0308lko\u0308y-2-705x470.jpg 705w, https:\/\/www.grupaura.com.tr\/wp-content\/uploads\/2020\/01\/Aura-Go\u0308lko\u0308y-2.jpg 1200w\" data-sizes=\"(max-width: 1030px) 100vw, 1030px\"  aria-label=\"Bild Aura Go\u0308lko\u0308y\"  id='av-masonry-1-item-2600' data-av-masonry-item='2600' class='av-masonry-entry isotope-item post-2600 attachment type-attachment status-inherit hentry  av-masonry-item-with-image' title=\"\" alt=\"\"    itemprop=\"thumbnailUrl\" ><div class='av-inner-masonry-sizer'><\/div><figure class='av-inner-masonry main_color'><div class=\"av-masonry-outerimage-container\"><div class='av-masonry-image-container' style=\"background-image: url(https:\/\/www.grupaura.com.tr\/wp-content\/uploads\/2020\/01\/Aura-Go\u0308lko\u0308y-2-705x470.jpg);\"  title=\"Aura Go\u0308lko\u0308y\" ><\/div><\/div><\/figure><\/a><!--end av-masonry entry--><a href=\"https:\/\/www.grupaura.com.tr\/wp-content\/uploads\/2020\/01\/Aura-Go\u0308lko\u0308y-3-1030x687.jpg\" data-srcset=\"https:\/\/www.grupaura.com.tr\/wp-content\/uploads\/2020\/01\/Aura-Go\u0308lko\u0308y-3-1030x687.jpg 1030w, https:\/\/www.grupaura.com.tr\/wp-content\/uploads\/2020\/01\/Aura-Go\u0308lko\u0308y-3-300x200.jpg 300w, https:\/\/www.grupaura.com.tr\/wp-content\/uploads\/2020\/01\/Aura-Go\u0308lko\u0308y-3-768x512.jpg 768w, https:\/\/www.grupaura.com.tr\/wp-content\/uploads\/2020\/01\/Aura-Go\u0308lko\u0308y-3-705x470.jpg 705w, https:\/\/www.grupaura.com.tr\/wp-content\/uploads\/2020\/01\/Aura-Go\u0308lko\u0308y-3.jpg 1200w\" data-sizes=\"(max-width: 1030px) 100vw, 1030px\"  aria-label=\"Bild Aura Go\u0308lko\u0308y\"  id='av-masonry-1-item-2602' data-av-masonry-item='2602' class='av-masonry-entry isotope-item post-2602 attachment type-attachment status-inherit hentry  av-masonry-item-with-image' title=\"\" alt=\"\"    itemprop=\"thumbnailUrl\" ><div class='av-inner-masonry-sizer'><\/div><figure class='av-inner-masonry main_color'><div class=\"av-masonry-outerimage-container\"><div class='av-masonry-image-container' style=\"background-image: url(https:\/\/www.grupaura.com.tr\/wp-content\/uploads\/2020\/01\/Aura-Go\u0308lko\u0308y-3-705x470.jpg);\"  title=\"Aura Go\u0308lko\u0308y\" ><\/div><\/div><\/figure><\/a><!--end av-masonry entry--><a href=\"https:\/\/www.grupaura.com.tr\/wp-content\/uploads\/2020\/01\/Aura-Go\u0308lko\u0308y-4-1030x497.jpg\" data-srcset=\"https:\/\/www.grupaura.com.tr\/wp-content\/uploads\/2020\/01\/Aura-Go\u0308lko\u0308y-4-1030x497.jpg 1030w, https:\/\/www.grupaura.com.tr\/wp-content\/uploads\/2020\/01\/Aura-Go\u0308lko\u0308y-4-300x145.jpg 300w, https:\/\/www.grupaura.com.tr\/wp-content\/uploads\/2020\/01\/Aura-Go\u0308lko\u0308y-4-768x371.jpg 768w, https:\/\/www.grupaura.com.tr\/wp-content\/uploads\/2020\/01\/Aura-Go\u0308lko\u0308y-4-705x340.jpg 705w, https:\/\/www.grupaura.com.tr\/wp-content\/uploads\/2020\/01\/Aura-Go\u0308lko\u0308y-4.jpg 1408w\" data-sizes=\"(max-width: 1030px) 100vw, 1030px\"  aria-label=\"Bild Aura Go\u0308lko\u0308y\"  id='av-masonry-1-item-2604' data-av-masonry-item='2604' class='av-masonry-entry isotope-item post-2604 attachment type-attachment status-inherit hentry  av-masonry-item-with-image' title=\"\" alt=\"\"    itemprop=\"thumbnailUrl\" ><div class='av-inner-masonry-sizer'><\/div><figure class='av-inner-masonry main_color'><div class=\"av-masonry-outerimage-container\"><div class='av-masonry-image-container' style=\"background-image: url(https:\/\/www.grupaura.com.tr\/wp-content\/uploads\/2020\/01\/Aura-Go\u0308lko\u0308y-4-705x340.jpg);\"  title=\"Aura Go\u0308lko\u0308y\" ><\/div><\/div><\/figure><\/a><!--end av-masonry entry--><a href=\"https:\/\/www.grupaura.com.tr\/wp-content\/uploads\/2020\/01\/Aura-Go\u0308lko\u0308y-5-1030x579.jpg\" data-srcset=\"https:\/\/www.grupaura.com.tr\/wp-content\/uploads\/2020\/01\/Aura-Go\u0308lko\u0308y-5-1030x579.jpg 1030w, https:\/\/www.grupaura.com.tr\/wp-content\/uploads\/2020\/01\/Aura-Go\u0308lko\u0308y-5-300x169.jpg 300w, https:\/\/www.grupaura.com.tr\/wp-content\/uploads\/2020\/01\/Aura-Go\u0308lko\u0308y-5-768x432.jpg 768w, https:\/\/www.grupaura.com.tr\/wp-content\/uploads\/2020\/01\/Aura-Go\u0308lko\u0308y-5-1536x864.jpg 1536w, https:\/\/www.grupaura.com.tr\/wp-content\/uploads\/2020\/01\/Aura-Go\u0308lko\u0308y-5-1500x843.jpg 1500w, https:\/\/www.grupaura.com.tr\/wp-content\/uploads\/2020\/01\/Aura-Go\u0308lko\u0308y-5-705x396.jpg 705w, https:\/\/www.grupaura.com.tr\/wp-content\/uploads\/2020\/01\/Aura-Go\u0308lko\u0308y-5.jpg 1599w\" data-sizes=\"(max-width: 1030px) 100vw, 1030px\"  aria-label=\"Bild Aura Go\u0308lko\u0308y\"  id='av-masonry-1-item-2606' data-av-masonry-item='2606' class='av-masonry-entry isotope-item post-2606 attachment type-attachment status-inherit hentry  av-masonry-item-with-image' title=\"\" alt=\"\"    itemprop=\"thumbnailUrl\" ><div class='av-inner-masonry-sizer'><\/div><figure class='av-inner-masonry main_color'><div class=\"av-masonry-outerimage-container\"><div class='av-masonry-image-container' style=\"background-image: url(https:\/\/www.grupaura.com.tr\/wp-content\/uploads\/2020\/01\/Aura-Go\u0308lko\u0308y-5-705x396.jpg);\"  title=\"Aura Go\u0308lko\u0308y\" ><\/div><\/div><\/figure><\/a><!--end av-masonry entry--><a href=\"https:\/\/www.grupaura.com.tr\/wp-content\/uploads\/2020\/01\/Aura-Go\u0308lko\u0308y-6-1030x497.jpg\" data-srcset=\"https:\/\/www.grupaura.com.tr\/wp-content\/uploads\/2020\/01\/Aura-Go\u0308lko\u0308y-6-1030x497.jpg 1030w, https:\/\/www.grupaura.com.tr\/wp-content\/uploads\/2020\/01\/Aura-Go\u0308lko\u0308y-6-300x145.jpg 300w, https:\/\/www.grupaura.com.tr\/wp-content\/uploads\/2020\/01\/Aura-Go\u0308lko\u0308y-6-768x371.jpg 768w, https:\/\/www.grupaura.com.tr\/wp-content\/uploads\/2020\/01\/Aura-Go\u0308lko\u0308y-6-705x340.jpg 705w, https:\/\/www.grupaura.com.tr\/wp-content\/uploads\/2020\/01\/Aura-Go\u0308lko\u0308y-6.jpg 1408w\" data-sizes=\"(max-width: 1030px) 100vw, 1030px\"  aria-label=\"Bild Aura Go\u0308lko\u0308y\"  id='av-masonry-1-item-2608' data-av-masonry-item='2608' class='av-masonry-entry isotope-item post-2608 attachment type-attachment status-inherit hentry  av-masonry-item-with-image' title=\"\" alt=\"\"    itemprop=\"thumbnailUrl\" ><div class='av-inner-masonry-sizer'><\/div><figure class='av-inner-masonry main_color'><div class=\"av-masonry-outerimage-container\"><div class='av-masonry-image-container' style=\"background-image: url(https:\/\/www.grupaura.com.tr\/wp-content\/uploads\/2020\/01\/Aura-Go\u0308lko\u0308y-6-705x340.jpg);\"  title=\"Aura Go\u0308lko\u0308y\" ><\/div><\/div><\/figure><\/a><!--end av-masonry entry--><\/div><\/div><br \/>\n\n<style type=\"text\/css\" data-created_by=\"avia_inline_auto\" id=\"style-css-av-345g9o-e9d49a0d12bfe1d5108205c9ca14a12a\">\n#top .hr.hr-invisible.av-345g9o-e9d49a0d12bfe1d5108205c9ca14a12a{\nheight:20px;\n}\n<\/style>\n<div  class='hr av-345g9o-e9d49a0d12bfe1d5108205c9ca14a12a hr-invisible  avia-builder-el-17  el_after_av_masonry_gallery  el_before_av_video  avia-builder-el-first '><span class='hr-inner '><span class=\"hr-inner-style\"><\/span><\/span><\/div><br \/>\n<div  class='avia-video av-ksz4qwma-c9b3280b5d91f485c0dd97b7b5b8c872 avia-video-16-9 av-no-preview-image avia-video-load-always av-lazyload-immediate av-lazyload-video-embed'  itemprop=\"video\" itemtype=\"https:\/\/schema.org\/VideoObject\"  data-original_url='https:\/\/www.youtube.com\/watch?v=VY8JedLYLA4'><script type='text\/html' class='av-video-tmpl'><div class='avia-iframe-wrap'><iframe loading=\"lazy\" title=\"Bodrum Grup Aura\" width=\"1500\" height=\"844\" src=\"https:\/\/www.youtube.com\/embed\/VY8JedLYLA4?feature=oembed&autoplay=0&loop=1&controls=1&mute=1&playlist=VY8JedLYLA4\" frameborder=\"0\" allow=\"accelerometer; autoplay; clipboard-write; encrypted-media; gyroscope; picture-in-picture\" allowfullscreen><\/iframe><\/div><\/script><div class='av-click-to-play-overlay'><div class=\"avia_playpause_icon\"><\/div><\/div><\/div><br \/>\n\n<style type=\"text\/css\" data-created_by=\"avia_inline_auto\" id=\"style-css-av-2uk2mk-a8ef21e7df3511ab4133c79fc35426b8\">\n#top .hr.hr-invisible.av-2uk2mk-a8ef21e7df3511ab4133c79fc35426b8{\nheight:20px;\n}\n<\/style>\n<div  class='hr av-2uk2mk-a8ef21e7df3511ab4133c79fc35426b8 hr-invisible  avia-builder-el-19  el_after_av_video  el_before_av_codeblock '><span class='hr-inner '><span class=\"hr-inner-style\"><\/span><\/span><\/div><br \/>\n<\/p><\/div>\n","protected":false},"excerpt":{"rendered":"","protected":false},"author":1,"featured_media":2610,"parent":0,"menu_order":0,"comment_status":"closed","ping_status":"closed","template":"","meta":{"_joinchat":[],"footnotes":""},"class_list":["post-3556","page","type-page","status-publish","has-post-thumbnail","hentry"],"aioseo_notices":[],"_links":{"self":[{"href":"https:\/\/www.grupaura.com.tr\/de\/wp-json\/wp\/v2\/pages\/3556","targetHints":{"allow":["GET"]}}],"collection":[{"href":"https:\/\/www.grupaura.com.tr\/de\/wp-json\/wp\/v2\/pages"}],"about":[{"href":"https:\/\/www.grupaura.com.tr\/de\/wp-json\/wp\/v2\/types\/page"}],"author":[{"embeddable":true,"href":"https:\/\/www.grupaura.com.tr\/de\/wp-json\/wp\/v2\/users\/1"}],"replies":[{"embeddable":true,"href":"https:\/\/www.grupaura.com.tr\/de\/wp-json\/wp\/v2\/comments?post=3556"}],"version-history":[{"count":4,"href":"https:\/\/www.grupaura.com.tr\/de\/wp-json\/wp\/v2\/pages\/3556\/revisions"}],"predecessor-version":[{"id":3660,"href":"https:\/\/www.grupaura.com.tr\/de\/wp-json\/wp\/v2\/pages\/3556\/revisions\/3660"}],"wp:featuredmedia":[{"embeddable":true,"href":"https:\/\/www.grupaura.com.tr\/de\/wp-json\/wp\/v2\/media\/2610"}],"wp:attachment":[{"href":"https:\/\/www.grupaura.com.tr\/de\/wp-json\/wp\/v2\/media?parent=3556"}],"curies":[{"name":"wp","href":"https:\/\/api.w.org\/{rel}","templated":true}]}}